{"id":710,"date":"2016-06-20T09:59:36","date_gmt":"2016-06-20T09:59:36","guid":{"rendered":"http:\/\/assemble.edge-themes.com\/?page_id=710"},"modified":"2017-05-27T11:25:46","modified_gmt":"2017-05-27T10:25:46","slug":"about-me","status":"publish","type":"page","link":"http:\/\/ilcmerveilles.com\/index.php\/about-me\/","title":{"rendered":"About Me"},"content":{"rendered":"<p>[vc_row content_text_aligment=\u00a0\u00bb\u00a0\u00bb use_row_as_full_screen_section=\u00a0\u00bbno\u00a0\u00bb css=\u00a0\u00bb.vc_custom_1468416224274{padding-top: 67px !important;padding-bottom: 38px !important;}\u00a0\u00bb][vc_column][vc_row_inner row_content_width=\u00a0\u00bbgrid\u00a0\u00bb content_text_aligment=\u00a0\u00bb\u00a0\u00bb css=\u00a0\u00bb.vc_custom_1466607936538{margin-right: -20px !important;margin-left: -20px !important;}\u00a0\u00bb][vc_column_inner css=\u00a0\u00bb.vc_custom_1468416140285{padding-right: 20px !important;padding-left: 20px !important;}\u00a0\u00bb offset=\u00a0\u00bbvc_col-lg-5&Prime;][vc_empty_space height=\u00a0\u00bb33&Prime;]<div class=\"edgtf-elements-holder edgtf-one-column edgtf-responsive-mode-768\" ><div class=\"edgtf-eh-item edgtf-vertical-alignment-middle edgtf-horizontal-alignment-left\" style=\"background-image: url(http:\/\/ilcmerveilles.com\/wp-content\/uploads\/2017\/05\/portrait-serge.jpg)\" data-item-class=\"edgtf-eh-custom-301728\">\n\t<div class=\"edgtf-eh-item-inner\">\n\t\t<div class=\"edgtf-eh-item-content edgtf-eh-custom-301728\" style=\"padding: 51% 0 49% 0\">\n\t\t\t[vc_empty_space height=\u00a0\u00bb10&Prime;]\t\t<\/div>\n\t<\/div>\n<\/div><\/div>[vc_empty_space height=\u00a0\u00bb62&Prime;][\/vc_column_inner][vc_column_inner css=\u00a0\u00bb.vc_custom_1468416147212{padding-right: 20px !important;padding-left: 20px !important;}\u00a0\u00bb offset=\u00a0\u00bbvc_col-lg-7&Prime;][vc_column_text]<\/p>\n<h3>Serge Laurens n\u00e9e en 1961<\/h3>\n<h3>(\u00c9cole des beaux art Annecy et Art d\u00e9coratif Gen\u00e8ve)<\/h3>\n<p>[\/vc_column_text][vc_empty_space height=\u00a0\u00bb29&Prime;][vc_column_text]1986: Exposition \u00e0 la galerie Zig-Zag (Grenoble).<\/p>\n<p>1983-1984: Assistant du peintre officiel du roi du Maroc<\/p>\n<p>1986: Participation \u00e0 une exposition du groupe Strogoff (Annecy).<\/p>\n<p>1990: Exposition au caveau (Association culturelle Suisse).<\/p>\n<p>1991: Salon des artistes fran\u00e7ais (Paris).<\/p>\n<p>1992: Salon des Ind\u00e9pendants (Paris).<\/p>\n<p>1994: Salon de Hong Kong.<\/p>\n<p>1996: Galerie \u00c0 PART (Paris).<\/p>\n<p>1997: Exposition \u00e0 V\u00e9lizy.<\/p>\n<p>2000: Expositions dans l&rsquo;atelier Michel Strogoff<\/p>\n<p>2004: Rencontre avec Jean-paul cattin<\/p>\n<p>2014: Exposition collective \u00e0 Ivry sur Seine<\/p>\n<p>2015: Exposition \u00e0 Ivry sur Seine<\/p>\n<p>2016: Exposition \u00e0 Ivry sur Seine<\/p>\n<p>2017: Exposition \u00e0 Ivry sur Seine[\/vc_column_text][vc_empty_space height=\u00a0\u00bb14&Prime;][vc_column_text][\/vc_column_text][vc_empty_space height=\u00a0\u00bb24&Prime;]<a itemprop=\"url\" href=\"#\" target=\"_blank\" style=\"color: #454545\" class=\"edgtf-btn edgtf-btn-medium edgtf-btn-simple edgtf-btn-icon\"  >\n    <span class=\"edgtf-btn-text\">RESUME<\/span>\n    <span aria-hidden=\"true\" class=\"edgtf-icon-font-elegant icon_download \" ><\/span><\/a>[vc_empty_space height=\u00a0\u00bb27&Prime;]<div class=\"edgtf-social-share-holder edgtf-list\">\n\t\t\t<p class=\"edgtf-social-title\"> <\/p>\n\t\t<ul>\n\t\t<li class=\"edgtf-facebook-share\">\n\t<a itemprop=\"url\" class=\"edgtf-share-link\" href=\"#\" onclick=\"\">\n\t\t\t\t\t<span class=\"edgtf-social-network-icon fa fa-facebook\"><\/span>\n\t\t\t<\/a>\n<\/li><li class=\"edgtf-twitter-share\">\n\t<a itemprop=\"url\" class=\"edgtf-share-link\" href=\"#\" onclick=\"window.open('http:\/\/twitter.com\/home?status=%5Bvc_row+content_text_aligment%3D%C2%A0%C2%BB%C2%A0%C2%BB+use_row_as_full_screen_section%3D%C2%A0%C2%BBno%C2%A0%C2%BB+css%3D%C2%A0%C2%BB.vc_custom_1468416224274%7Bpadding-top%3A+http:\/\/ilcmerveilles.com\/index.php\/about-me\/', 'popupwindow', 'scrollbars=yes,width=800,height=400');\">\n\t\t\t\t\t<span class=\"edgtf-social-network-icon fa fa-twitter\"><\/span>\n\t\t\t<\/a>\n<\/li><li class=\"edgtf-linkedin-share\">\n\t<a itemprop=\"url\" class=\"edgtf-share-link\" href=\"#\" onclick=\"popUp=window.open('http:\/\/linkedin.com\/shareArticle?mini=true&amp;url=http%3A%2F%2Filcmerveilles.com%2Findex.php%2Fabout-me%2F&amp;title=About+Me', 'popupwindow', 'scrollbars=yes,width=800,height=400');popUp.focus();return false;\">\n\t\t\t\t\t<span class=\"edgtf-social-network-icon fa fa-linkedin\"><\/span>\n\t\t\t<\/a>\n<\/li><li class=\"edgtf-pinterest-share\">\n\t<a itemprop=\"url\" class=\"edgtf-share-link\" href=\"#\" onclick=\"\">\n\t\t\t\t\t<span class=\"edgtf-social-network-icon fa fa-pinterest\"><\/span>\n\t\t\t<\/a>\n<\/li>\t<\/ul>\n<\/div>[vc_empty_space height=\u00a0\u00bb30&Prime;][\/vc_column_inner][\/vc_row_inner][\/vc_column][\/vc_row][vc_row content_text_aligment=\u00a0\u00bb\u00a0\u00bb use_row_as_full_screen_section=\u00a0\u00bbno\u00a0\u00bb css=\u00a0\u00bb.vc_custom_1466601214299{padding-top: 24px !important;padding-bottom: 35px !important;background-color: #fbfbfb !important;}\u00a0\u00bb][vc_column][vc_row_inner row_content_width=\u00a0\u00bbgrid\u00a0\u00bb content_text_aligment=\u00a0\u00bb\u00a0\u00bb css=\u00a0\u00bb.vc_custom_1466608080460{margin-right: -20px !important;margin-left: -20px !important;}\u00a0\u00bb][vc_column_inner offset=\u00a0\u00bbvc_col-md-6&Prime; css=\u00a0\u00bb.vc_custom_1466608065116{padding-right: 20px !important;padding-left: 20px !important;}\u00a0\u00bb][vc_column_text]<\/p>\n<h3>Add a Comment<\/h3>\n<p>[\/vc_column_text][vc_empty_space height=\u00a0\u00bb43&Prime;]\n<div class=\"wpcf7 no-js\" id=\"wpcf7-f173-o1\" lang=\"en-US\" dir=\"ltr\" data-wpcf7-id=\"173\">\n<div class=\"screen-reader-response\"><p role=\"status\" aria-live=\"polite\" aria-atomic=\"true\"><\/p> <ul><\/ul><\/div>\n<form action=\"\/index.php\/wp-json\/wp\/v2\/pages\/710#wpcf7-f173-o1\" method=\"post\" class=\"wpcf7-form init\" aria-label=\"Contact form\" novalidate=\"novalidate\" data-status=\"init\">\n<div style=\"display: none;\">\n<input type=\"hidden\" name=\"_wpcf7\" value=\"173\" \/>\n<input type=\"hidden\" name=\"_wpcf7_version\" value=\"6.0.6\" \/>\n<input type=\"hidden\" name=\"_wpcf7_locale\" value=\"en_US\" \/>\n<input type=\"hidden\" name=\"_wpcf7_unit_tag\" value=\"wpcf7-f173-o1\" \/>\n<input type=\"hidden\" name=\"_wpcf7_container_post\" value=\"0\" \/>\n<input type=\"hidden\" name=\"_wpcf7_posted_data_hash\" value=\"\" \/>\n<\/div>\n<div class=\"edgtf-two-columns-50-50 clearfix\">\n\t<div class=\"edgtf-two-columns-50-50-inner\">\n\t\t<div class=\"edgtf-column\">\n\t\t\t<div class=\"edgtf-column-inner\">\n\t\t\t\t<p><span class=\"wpcf7-form-control-wrap\" data-name=\"first-name\"><input size=\"40\" maxlength=\"400\" class=\"wpcf7-form-control wpcf7-text\" aria-invalid=\"false\" placeholder=\"First name\" value=\"\" type=\"text\" name=\"first-name\" \/><\/span>\n\t\t\t\t<\/p>\n\t\t\t<\/div>\n\t\t<\/div>\n\t\t<div class=\"edgtf-column\">\n\t\t\t<div class=\"edgtf-column-inner\">\n\t\t\t\t<p><span class=\"wpcf7-form-control-wrap\" data-name=\"last-name\"><input size=\"40\" maxlength=\"400\" class=\"wpcf7-form-control wpcf7-text\" aria-invalid=\"false\" placeholder=\"Last name\" value=\"\" type=\"text\" name=\"last-name\" \/><\/span>\n\t\t\t\t<\/p>\n\t\t\t<\/div>\n\t\t<\/div>\n\t<\/div>\n<\/div>\n<div>\n\t<p><span class=\"wpcf7-form-control-wrap\" data-name=\"your-email\"><input size=\"40\" maxlength=\"400\" class=\"wpcf7-form-control wpcf7-text wpcf7-validates-as-required\" aria-required=\"true\" aria-invalid=\"false\" placeholder=\"Email\" value=\"\" type=\"text\" name=\"your-email\" \/><\/span>\n\t<\/p>\n<\/div>\n<div>\n\t<p><span class=\"wpcf7-form-control-wrap\" data-name=\"your-message\"><textarea cols=\"40\" rows=\"6\" maxlength=\"2000\" class=\"wpcf7-form-control wpcf7-textarea\" aria-invalid=\"false\" placeholder=\"Message\" name=\"your-message\"><\/textarea><\/span>\n\t<\/p>\n<\/div>\n<div>\n\t<p><input class=\"wpcf7-form-control wpcf7-submit has-spinner\" type=\"submit\" value=\"SUBMIT\" \/>\n\t<\/p>\n<\/div><p style=\"display: none !important;\" class=\"akismet-fields-container\" data-prefix=\"_wpcf7_ak_\"><label>&#916;<textarea name=\"_wpcf7_ak_hp_textarea\" cols=\"45\" rows=\"8\" maxlength=\"100\"><\/textarea><\/label><input type=\"hidden\" id=\"ak_js_1\" name=\"_wpcf7_ak_js\" value=\"196\"\/><script>document.getElementById( \"ak_js_1\" ).setAttribute( \"value\", ( new Date() ).getTime() );<\/script><\/p><div class=\"wpcf7-response-output\" aria-hidden=\"true\"><\/div>\n<\/form>\n<\/div>\n[vc_empty_space height=\u00a0\u00bb40&Prime;][\/vc_column_inner][vc_column_inner offset=\u00a0\u00bbvc_col-md-6&Prime; css=\u00a0\u00bb.vc_custom_1466608070316{padding-right: 20px !important;padding-left: 20px !important;}\u00a0\u00bb][vc_column_text]<\/p>\n<h3>Contact Info<\/h3>\n<p>[\/vc_column_text][vc_empty_space height=\u00a0\u00bb24&Prime;][vc_column_text][\/vc_column_text][vc_empty_space height=\u00a0\u00bb43&Prime;][vc_separator css=\u00a0\u00bb.vc_custom_1465893407528{padding-bottom: 4px !important;}\u00a0\u00bb][vc_column_text]<strong>Address:<\/strong> 3, rue des harmonies 74960 Cran-G\u00e9vrier[\/vc_column_text][vc_separator css=\u00a0\u00bb.vc_custom_1465893415096{padding-top: 12px !important;padding-bottom: 4px !important;}\u00a0\u00bb][vc_column_text]<strong>Mobile:<\/strong> 06 46373250[\/vc_column_text][vc_separator css=\u00a0\u00bb.vc_custom_1465893432968{padding-top: 12px !important;padding-bottom: 4px !important;}\u00a0\u00bb][vc_column_text]<strong>Fixe:<\/strong> 0450771750[\/vc_column_text][vc_separator css=\u00a0\u00bb.vc_custom_1465893438698{padding-top: 12px !important;padding-bottom: 4px !important;}\u00a0\u00bb][vc_column_text]<strong>Email:<\/strong> serge.laurens@sfr.fr[\/vc_column_text][vc_separator css=\u00a0\u00bb.vc_custom_1465893442947{padding-top: 12px !important;}\u00a0\u00bb][vc_empty_space height=\u00a0\u00bb64&Prime;][\/vc_column_inner][\/vc_row_inner][\/vc_column][\/vc_row]<\/p>\n","protected":false},"excerpt":{"rendered":"<p>[vc_row content_text_aligment=\u00a0\u00bb\u00a0\u00bb use_row_as_full_screen_section=\u00a0\u00bbno\u00a0\u00bb css=\u00a0\u00bb.vc_custom_1468416224274{padding-top: 67px !important;padding-bottom: 38px !important;}\u00a0\u00bb][vc_column][vc_row_inner row_content_width=\u00a0\u00bbgrid\u00a0\u00bb content_text_aligment=\u00a0\u00bb\u00a0\u00bb css=\u00a0\u00bb.vc_custom_1466607936538{margin-right: -20px !important;margin-left: -20px !important;}\u00a0\u00bb][vc_column_inner css=\u00a0\u00bb.vc_custom_1468416140285{padding-right: 20px !important;padding-left: 20px !important;}\u00a0\u00bb offset=\u00a0\u00bbvc_col-lg-5&Prime;][vc_empty_space height=\u00a0\u00bb33&Prime;][vc_empty_space height=\u00a0\u00bb62&Prime;][\/vc_column_inner][vc_column_inner css=\u00a0\u00bb.vc_custom_1468416147212{padding-right: 20px !important;padding-left: 20px !important;}\u00a0\u00bb offset=\u00a0\u00bbvc_col-lg-7&Prime;][vc_column_text] Serge Laurens n\u00e9e en 1961 (\u00c9cole des beaux art Annecy et Art d\u00e9coratif Gen\u00e8ve) [\/vc_column_text][vc_empty_space height=\u00a0\u00bb29&Prime;][vc_column_text]1986: [&hellip;]<\/p>\n","protected":false},"author":1,"featured_media":0,"parent":0,"menu_order":0,"comment_status":"closed","ping_status":"closed","template":"full-width.php","meta":{"_exactmetrics_skip_tracking":false,"_exactmetrics_sitenote_active":false,"_exactmetrics_sitenote_note":"","_exactmetrics_sitenote_category":0,"footnotes":""},"class_list":["post-710","page","type-page","status-publish","hentry"],"_links":{"self":[{"href":"http:\/\/ilcmerveilles.com\/index.php\/wp-json\/wp\/v2\/pages\/710","targetHints":{"allow":["GET"]}}],"collection":[{"href":"http:\/\/ilcmerveilles.com\/index.php\/wp-json\/wp\/v2\/pages"}],"about":[{"href":"http:\/\/ilcmerveilles.com\/index.php\/wp-json\/wp\/v2\/types\/page"}],"author":[{"embeddable":true,"href":"http:\/\/ilcmerveilles.com\/index.php\/wp-json\/wp\/v2\/users\/1"}],"replies":[{"embeddable":true,"href":"http:\/\/ilcmerveilles.com\/index.php\/wp-json\/wp\/v2\/comments?post=710"}],"version-history":[{"count":9,"href":"http:\/\/ilcmerveilles.com\/index.php\/wp-json\/wp\/v2\/pages\/710\/revisions"}],"predecessor-version":[{"id":16893,"href":"http:\/\/ilcmerveilles.com\/index.php\/wp-json\/wp\/v2\/pages\/710\/revisions\/16893"}],"wp:attachment":[{"href":"http:\/\/ilcmerveilles.com\/index.php\/wp-json\/wp\/v2\/media?parent=710"}],"curies":[{"name":"wp","href":"https:\/\/api.w.org\/{rel}","templated":true}]}}